{"id":9,"date":"2026-03-13T04:15:29","date_gmt":"2026-03-13T04:15:29","guid":{"rendered":"https:\/\/vitrino.ro\/wp\/?page_id=9"},"modified":"2026-03-13T04:29:16","modified_gmt":"2026-03-13T04:29:16","slug":"home","status":"publish","type":"page","link":"https:\/\/vitrino.ro\/?page_id=9","title":{"rendered":"Home"},"content":{"rendered":"\t\t<div data-elementor-type=\"wp-post\" data-elementor-id=\"9\" class=\"elementor elementor-9\">\n\t\t\t\t\t\t<section class=\"elementor-section elementor-top-section elementor-element elementor-element-4b32b62e elementor-section-boxed elementor-section-height-default elementor-section-height-default\" data-id=\"4b32b62e\" data-element_type=\"section\" data-e-type=\"section\">\n\t\t\t\t\t\t<div class=\"elementor-container elementor-column-gap-default\">\n\t\t\t\t\t<div class=\"elementor-column elementor-col-100 elementor-top-column elementor-element elementor-element-2c9d0611\" data-id=\"2c9d0611\" data-element_type=\"column\" data-e-type=\"column\">\n\t\t\t<div class=\"elementor-widget-wrap elementor-element-populated\">\n\t\t\t\t\t\t<div class=\"elementor-element elementor-element-4fc37b2 elementor-widget elementor-widget-heading\" data-id=\"4fc37b2\" data-element_type=\"widget\" data-e-type=\"widget\" data-widget_type=\"heading.default\">\n\t\t\t\t\t<h4 class=\"elementor-heading-title elementor-size-default\">Bara Pilates<\/h4>\t\t\t\t<\/div>\n\t\t\t\t<div class=\"elementor-element elementor-element-17bcc083 elementor-widget elementor-widget-image\" data-id=\"17bcc083\" data-element_type=\"widget\" data-e-type=\"widget\" data-widget_type=\"image.default\">\n\t\t\t\t\t\t\t\t\t\t\t\t\t\t\t<img decoding=\"async\" src=\"https:\/\/vitrino.ro\/wp\/wp-content\/uploads\/elementor\/thumbs\/Capture-rkfjilhhyhwexis3k77e0ll0fgrlj4hbxj1bkmdvm0.png\" title=\"Capture.png\" alt=\"Capture.png\" loading=\"lazy\" \/>\t\t\t\t\t\t\t\t\t\t\t\t\t\t\t<\/div>\n\t\t\t\t<div class=\"elementor-element elementor-element-62c5cb0e elementor-widget elementor-widget-heading\" data-id=\"62c5cb0e\" data-element_type=\"widget\" data-e-type=\"widget\" data-widget_type=\"heading.default\">\n\t\t\t\t\t<h1 class=\"elementor-heading-title elementor-size-default\"> 35% REDUCERE<\/h1>\t\t\t\t<\/div>\n\t\t\t\t<div class=\"elementor-element elementor-element-675d19ff elementor-align-center elementor-widget elementor-widget-button\" data-id=\"675d19ff\" data-element_type=\"widget\" data-e-type=\"widget\" data-widget_type=\"button.default\">\n\t\t\t\t\t\t\t\t\t\t<a class=\"elementor-button elementor-button-link elementor-size-xl\" href=\"#order-form\">\n\t\t\t\t\t\t<span class=\"elementor-button-content-wrapper\">\n\t\t\t\t\t\t\t\t\t<span class=\"elementor-button-text\">Comand\u0103 aici<\/span>\n\t\t\t\t\t<\/span>\n\t\t\t\t\t<\/a>\n\t\t\t\t\t\t\t\t<\/div>\n\t\t\t\t<div class=\"elementor-element elementor-element-4ed7ebfc elementor-widget elementor-widget-heading\" data-id=\"4ed7ebfc\" data-element_type=\"widget\" data-e-type=\"widget\" data-widget_type=\"heading.default\">\n\t\t\t\t\t<h2 class=\"elementor-heading-title elementor-size-default\">^Ap\u0103sa\u021bi aici pentru a afla pre\u021bul!^<\/h2>\t\t\t\t<\/div>\n\t\t\t\t<div class=\"elementor-element elementor-element-f5c0874 elementor-widget elementor-widget-text-editor\" data-id=\"f5c0874\" data-element_type=\"widget\" data-e-type=\"widget\" data-widget_type=\"text-editor.default\">\n\t\t\t\t\t\t\t\t\t<p style=\"text-align: center;\"><span style=\"color: #000000;\">Cau\u021bi o modalitate eficient\u0103 de a fi \u00een form\u0103 maxim\u0103 \u00een timp ce stai acas\u0103?<\/span><\/p><p style=\"text-align: center;\"><span style=\"color: #000000;\">Bara Pilates vine in ajutorul t\u0103u, facut\u0103 special pentru tine \u0219i silueta ta, oferindu-\u021bi nenum\u0103rate posibilit\u0103\u021bi de exerci\u021bii far\u0103 a-\u021bi p\u0103r\u0103si sufrageria.<\/span><\/p>\t\t\t\t\t\t\t\t<\/div>\n\t\t\t\t<div class=\"elementor-element elementor-element-324019a6 elementor-widget elementor-widget-image\" data-id=\"324019a6\" data-element_type=\"widget\" data-e-type=\"widget\" data-widget_type=\"image.default\">\n\t\t\t\t\t\t\t\t\t\t\t\t\t\t\t<img fetchpriority=\"high\" decoding=\"async\" width=\"600\" height=\"480\" src=\"https:\/\/vitrino.ro\/wp\/wp-content\/uploads\/2026\/03\/ezgif_002.gif\" class=\"attachment-full size-full wp-image-12\" alt=\"\" \/>\t\t\t\t\t\t\t\t\t\t\t\t\t\t\t<\/div>\n\t\t\t\t<div class=\"elementor-element elementor-element-7ea01637 elementor-widget elementor-widget-text-editor\" data-id=\"7ea01637\" data-element_type=\"widget\" data-e-type=\"widget\" data-widget_type=\"text-editor.default\">\n\t\t\t\t\t\t\t\t\t<p style=\"text-align: center;\"><span style=\"color: #000000;\">\u2705 Acum po\u021bi ob\u021bine un antrenament complet pentru tot corpul din confortul casei tale cu Bara Pilates! Aceasta ofer\u0103 practic avantajele unui studio clasic Pilates \u00een sufrageria ta, cu care po\u021bi practica exerci\u021biile acasa sau oriunde dore\u0219ti. \u00cel po\u021bi lua cu tine chiar \u0219i in vacan\u021b\u0103!<\/span><\/p>\t\t\t\t\t\t\t\t<\/div>\n\t\t\t\t\t<\/div>\n\t\t<\/div>\n\t\t\t\t\t<\/div>\n\t\t<\/section>\n\t\t\t\t<section class=\"elementor-section elementor-top-section elementor-element elementor-element-3e2661f5 elementor-section-boxed elementor-section-height-default elementor-section-height-default\" data-id=\"3e2661f5\" data-element_type=\"section\" data-e-type=\"section\">\n\t\t\t\t\t\t<div class=\"elementor-container elementor-column-gap-default\">\n\t\t\t\t\t<div class=\"elementor-column elementor-col-33 elementor-top-column elementor-element elementor-element-2c6950c3\" data-id=\"2c6950c3\" data-element_type=\"column\" data-e-type=\"column\">\n\t\t\t<div class=\"elementor-widget-wrap elementor-element-populated\">\n\t\t\t\t\t\t<div class=\"elementor-element elementor-element-219ddd52 elementor-widget elementor-widget-image\" data-id=\"219ddd52\" data-element_type=\"widget\" data-e-type=\"widget\" data-widget_type=\"image.default\">\n\t\t\t\t\t\t\t\t\t\t\t\t\t\t\t<img decoding=\"async\" width=\"819\" height=\"826\" src=\"https:\/\/vitrino.ro\/wp\/wp-content\/uploads\/2026\/03\/indefx.jpg\" class=\"attachment-large size-large wp-image-13\" alt=\"\" srcset=\"https:\/\/vitrino.ro\/wp\/wp-content\/uploads\/2026\/03\/indefx.jpg 819w, https:\/\/vitrino.ro\/wp\/wp-content\/uploads\/2026\/03\/indefx-297x300.jpg 297w, https:\/\/vitrino.ro\/wp\/wp-content\/uploads\/2026\/03\/indefx-150x150.jpg 150w, https:\/\/vitrino.ro\/wp\/wp-content\/uploads\/2026\/03\/indefx-768x775.jpg 768w\" sizes=\"(max-width: 819px) 100vw, 819px\" \/>\t\t\t\t\t\t\t\t\t\t\t\t\t\t\t<\/div>\n\t\t\t\t<div class=\"elementor-element elementor-element-d44779c elementor-widget elementor-widget-text-editor\" data-id=\"d44779c\" data-element_type=\"widget\" data-e-type=\"widget\" data-widget_type=\"text-editor.default\">\n\t\t\t\t\t\t\t\t\t<p style=\"text-align: left;\"><span style=\"color: #000000;\">\u2705 Este perfect\u0103 pentru ob\u021binerea siluetei dorite, aduc\u00e2ndu-te mai aproape de picioare frumoase \u0219i tonifiate, o talie sub\u021bire \u0219i un abdomen de invidiat cu fiecare antrenament.<\/span><\/p><p style=\"text-align: left;\"><span style=\"color: #000000;\">Ai grija de tine \u0219i de corpul t\u0103u! Achizi\u021bioneaz\u0103 acum Bara Pilates \u0219i incepe s\u0103 lucrezi la corpul pe care \u021bi l-ai dorit mereu!<\/span><\/p>\t\t\t\t\t\t\t\t<\/div>\n\t\t\t\t\t<\/div>\n\t\t<\/div>\n\t\t\t\t<div class=\"elementor-column elementor-col-33 elementor-top-column elementor-element elementor-element-63130a18\" data-id=\"63130a18\" data-element_type=\"column\" data-e-type=\"column\">\n\t\t\t<div class=\"elementor-widget-wrap elementor-element-populated\">\n\t\t\t\t\t\t<div class=\"elementor-element elementor-element-32479dc8 elementor-widget elementor-widget-image\" data-id=\"32479dc8\" data-element_type=\"widget\" data-e-type=\"widget\" data-widget_type=\"image.default\">\n\t\t\t\t\t\t\t\t\t\t\t\t\t\t\t<img decoding=\"async\" width=\"600\" height=\"480\" src=\"https:\/\/vitrino.ro\/wp\/wp-content\/uploads\/2026\/03\/ezgif.gif\" class=\"attachment-full size-full wp-image-14\" alt=\"\" \/>\t\t\t\t\t\t\t\t\t\t\t\t\t\t\t<\/div>\n\t\t\t\t<div class=\"elementor-element elementor-element-24f339fb elementor-widget elementor-widget-text-editor\" data-id=\"24f339fb\" data-element_type=\"widget\" data-e-type=\"widget\" data-widget_type=\"text-editor.default\">\n\t\t\t\t\t\t\t\t\t<p style=\"text-align: left;\"><span style=\"color: #000000;\">\u2705 Avantaje:<br \/>\u2022 Scapi de centimetri nedori\u021bi<br \/>\u2022 Arderea mai rapid\u0103 a caloriilor<br \/>\u2022 Vei ar\u0103ta mai bine<br \/>\u2022 Te vei sim\u021bi intr-o forma excelent\u0103<br \/>\u2022 Intare\u0219te sistemul muscular de pe picioare, brate, abdomen sau fese.<\/span><\/p>\t\t\t\t\t\t\t\t<\/div>\n\t\t\t\t\t<\/div>\n\t\t<\/div>\n\t\t\t\t<div class=\"elementor-column elementor-col-33 elementor-top-column elementor-element elementor-element-57f07512\" data-id=\"57f07512\" data-element_type=\"column\" data-e-type=\"column\">\n\t\t\t<div class=\"elementor-widget-wrap elementor-element-populated\">\n\t\t\t\t\t\t<div class=\"elementor-element elementor-element-1824144a elementor-widget elementor-widget-image\" data-id=\"1824144a\" data-element_type=\"widget\" data-e-type=\"widget\" data-widget_type=\"image.default\">\n\t\t\t\t\t\t\t\t\t\t\t\t\t\t\t<img loading=\"lazy\" decoding=\"async\" width=\"628\" height=\"671\" src=\"https:\/\/vitrino.ro\/wp\/wp-content\/uploads\/2026\/03\/pilates-bar.png\" class=\"attachment-large size-large wp-image-15\" alt=\"\" srcset=\"https:\/\/vitrino.ro\/wp\/wp-content\/uploads\/2026\/03\/pilates-bar.png 628w, https:\/\/vitrino.ro\/wp\/wp-content\/uploads\/2026\/03\/pilates-bar-281x300.png 281w\" sizes=\"(max-width: 628px) 100vw, 628px\" \/>\t\t\t\t\t\t\t\t\t\t\t\t\t\t\t<\/div>\n\t\t\t\t<div class=\"elementor-element elementor-element-3f381ab0 elementor-widget elementor-widget-text-editor\" data-id=\"3f381ab0\" data-element_type=\"widget\" data-e-type=\"widget\" data-widget_type=\"text-editor.default\">\n\t\t\t\t\t\t\t\t\t<p style=\"text-align: left;\"><span style=\"color: #000000;\">\u2705 Foarte versatil\u0103!<\/span><\/p><p style=\"text-align: left;\"><span style=\"color: #000000;\">Num\u0103rul de exercitii care se pot face cu ajutorul b\u0103rii Pilates este nelimitat! Aici sunt doar cateva exemple cu diferite variante de exercitii.<\/span><\/p>\t\t\t\t\t\t\t\t<\/div>\n\t\t\t\t\t<\/div>\n\t\t<\/div>\n\t\t\t\t\t<\/div>\n\t\t<\/section>\n\t\t\t\t<section class=\"elementor-section elementor-top-section elementor-element elementor-element-44d92c80 elementor-section-boxed elementor-section-height-default elementor-section-height-default\" data-id=\"44d92c80\" data-element_type=\"section\" data-e-type=\"section\">\n\t\t\t\t\t\t<div class=\"elementor-container elementor-column-gap-default\">\n\t\t\t\t\t<div class=\"elementor-column elementor-col-100 elementor-top-column elementor-element elementor-element-7aa9b35d\" data-id=\"7aa9b35d\" data-element_type=\"column\" data-e-type=\"column\">\n\t\t\t<div class=\"elementor-widget-wrap\">\n\t\t\t\t\t\t\t<\/div>\n\t\t<\/div>\n\t\t\t\t\t<\/div>\n\t\t<\/section>\n\t\t\t\t<section class=\"elementor-section elementor-top-section elementor-element elementor-element-61a393c elementor-section-boxed elementor-section-height-default elementor-section-height-default\" data-id=\"61a393c\" data-element_type=\"section\" data-e-type=\"section\" id=\"order-form\" data-settings=\"{&quot;background_background&quot;:&quot;classic&quot;}\">\n\t\t\t\t\t\t<div class=\"elementor-container elementor-column-gap-default\">\n\t\t\t\t\t<div class=\"elementor-column elementor-col-100 elementor-top-column elementor-element elementor-element-38a7245a\" data-id=\"38a7245a\" data-element_type=\"column\" data-e-type=\"column\">\n\t\t\t<div class=\"elementor-widget-wrap elementor-element-populated\">\n\t\t\t\t\t\t<div class=\"elementor-element elementor-element-3ed10fc1 elementor-widget elementor-widget-text-editor\" data-id=\"3ed10fc1\" data-element_type=\"widget\" data-e-type=\"widget\" data-widget_type=\"text-editor.default\">\n\t\t\t\t\t\t\t\t\t<p><span style=\"color: #ffffff;\"><img decoding=\"async\" class=\"emoji\" role=\"img\" draggable=\"false\" src=\"https:\/\/s.w.org\/images\/core\/emoji\/14.0.0\/svg\/1f4b0.svg\" alt=\"\ud83d\udcb0\" \/> PRE\u021a REDUS: 88 RON <del>125 RON<\/del><\/span><\/p><p><span style=\"color: #ffffff;\"><img decoding=\"async\" class=\"emoji\" role=\"img\" draggable=\"false\" src=\"https:\/\/s.w.org\/images\/core\/emoji\/14.0.0\/svg\/1f69a.svg\" alt=\"\ud83d\ude9a\" \/> LIVRARE RAPID\u0102 \u00ceN 1-2 ZILE.<\/span><\/p><p><span style=\"color: #ffffff;\"><img decoding=\"async\" class=\"emoji\" role=\"img\" draggable=\"false\" src=\"https:\/\/s.w.org\/images\/core\/emoji\/14.0.0\/svg\/1f4b5.svg\" alt=\"\ud83d\udcb5\" \/> PLATA LA LIVRARE.<\/span><\/p><p><span style=\"color: #ffffff;\"><img decoding=\"async\" class=\"emoji\" role=\"img\" draggable=\"false\" src=\"https:\/\/s.w.org\/images\/core\/emoji\/14.0.0\/svg\/2728.svg\" alt=\"\u2728\" \/> CALITATE GARANTAT\u0102.<\/span><\/p><p><span style=\"color: #ffffff;\"><img decoding=\"async\" class=\"emoji\" role=\"img\" draggable=\"false\" src=\"https:\/\/s.w.org\/images\/core\/emoji\/14.0.0\/svg\/2705.svg\" alt=\"\u2705\" \/> DREPT DE RETUR 14 ZILE. <\/span><\/p>\t\t\t\t\t\t\t\t<\/div>\n\t\t\t\t<div class=\"elementor-element elementor-element-42a43df2 elementor-widget elementor-widget-html\" data-id=\"42a43df2\" data-element_type=\"widget\" data-e-type=\"widget\" data-widget_type=\"html.default\">\n\t\t\t\t\t<div data-paperform-id=\"bng1oahr\"><\/div><script>(function() {var script = document.createElement('script'); script.src = \"https:\/\/paperform.co\/__embed.min.js\"; document.body.appendChild(script); })()<\/script>\t\t\t\t<\/div>\n\t\t\t\t\t<\/div>\n\t\t<\/div>\n\t\t\t\t\t<\/div>\n\t\t<\/section>\n\t\t\t\t<section class=\"elementor-section elementor-top-section elementor-element elementor-element-568c577d elementor-section-boxed elementor-section-height-default elementor-section-height-default\" data-id=\"568c577d\" data-element_type=\"section\" data-e-type=\"section\">\n\t\t\t\t\t\t<div class=\"elementor-container elementor-column-gap-default\">\n\t\t\t\t\t<div class=\"elementor-column elementor-col-100 elementor-top-column elementor-element elementor-element-72137f01\" data-id=\"72137f01\" data-element_type=\"column\" data-e-type=\"column\">\n\t\t\t<div class=\"elementor-widget-wrap elementor-element-populated\">\n\t\t\t\t\t\t<div class=\"elementor-element elementor-element-7683cbdd elementor-widget elementor-widget-heading\" data-id=\"7683cbdd\" data-element_type=\"widget\" data-e-type=\"widget\" data-widget_type=\"heading.default\">\n\t\t\t\t\t<h2 class=\"elementor-heading-title elementor-size-default\">Ce spun clien\u021bii no\u0219tri?<\/h2>\t\t\t\t<\/div>\n\t\t\t\t<div class=\"elementor-element elementor-element-6fdb6572 elementor-widget elementor-widget-image\" data-id=\"6fdb6572\" data-element_type=\"widget\" data-e-type=\"widget\" data-widget_type=\"image.default\">\n\t\t\t\t\t\t\t\t\t\t\t\t\t\t\t<img loading=\"lazy\" decoding=\"async\" width=\"506\" height=\"381\" src=\"https:\/\/vitrino.ro\/wp\/wp-content\/uploads\/2026\/03\/5-star-chestie.png\" class=\"attachment-large size-large wp-image-16\" alt=\"\" srcset=\"https:\/\/vitrino.ro\/wp\/wp-content\/uploads\/2026\/03\/5-star-chestie.png 506w, https:\/\/vitrino.ro\/wp\/wp-content\/uploads\/2026\/03\/5-star-chestie-300x226.png 300w\" sizes=\"(max-width: 506px) 100vw, 506px\" \/>\t\t\t\t\t\t\t\t\t\t\t\t\t\t\t<\/div>\n\t\t\t\t\t<\/div>\n\t\t<\/div>\n\t\t\t\t\t<\/div>\n\t\t<\/section>\n\t\t\t\t<section class=\"elementor-section elementor-top-section elementor-element elementor-element-76ba320d elementor-section-boxed elementor-section-height-default elementor-section-height-default\" data-id=\"76ba320d\" data-element_type=\"section\" data-e-type=\"section\" data-settings=\"{&quot;background_background&quot;:&quot;classic&quot;}\">\n\t\t\t\t\t\t<div class=\"elementor-container elementor-column-gap-default\">\n\t\t\t\t\t<div class=\"elementor-column elementor-col-100 elementor-top-column elementor-element elementor-element-3e0e1917\" data-id=\"3e0e1917\" data-element_type=\"column\" data-e-type=\"column\">\n\t\t\t<div class=\"elementor-widget-wrap elementor-element-populated\">\n\t\t\t\t\t\t<div class=\"elementor-element elementor-element-2ad86a83 elementor-align-center elementor-widget elementor-widget-button\" data-id=\"2ad86a83\" data-element_type=\"widget\" data-e-type=\"widget\" data-widget_type=\"button.default\">\n\t\t\t\t\t\t\t\t\t\t<a class=\"elementor-button elementor-button-link elementor-size-xl\" href=\"https:\/\/softly.ro\/tos\/\" target=\"_blank\">\n\t\t\t\t\t\t<span class=\"elementor-button-content-wrapper\">\n\t\t\t\t\t\t\t\t\t<span class=\"elementor-button-text\"> Retur, Termeni \u0219i condi\u021bii, Politica de Confiden\u021bialitate<\/span>\n\t\t\t\t\t<\/span>\n\t\t\t\t\t<\/a>\n\t\t\t\t\t\t\t\t<\/div>\n\t\t\t\t<div class=\"elementor-element elementor-element-ee9b23c elementor-widget elementor-widget-text-editor\" data-id=\"ee9b23c\" data-element_type=\"widget\" data-e-type=\"widget\" data-widget_type=\"text-editor.default\">\n\t\t\t\t\t\t\t\t\t<p style=\"text-align: center;\"><b>CONTACT:<\/b><\/p><div style=\"text-align: center;\">Pentru orice tip de informa\u021bie sau reclama\u021bie, v\u0103 rug\u0103m s\u0103 ne contacta\u021bi prin e-mail la <b>info@softly.ro<\/b> de luni p\u00e2n\u0103 vineri<b>.<\/b><\/div>\t\t\t\t\t\t\t\t<\/div>\n\t\t\t\t\t<\/div>\n\t\t<\/div>\n\t\t\t\t\t<\/div>\n\t\t<\/section>\n\t\t\t\t<section class=\"elementor-section elementor-top-section elementor-element elementor-element-60b7b1aa elementor-section-boxed elementor-section-height-default elementor-section-height-default\" data-id=\"60b7b1aa\" data-element_type=\"section\" data-e-type=\"section\">\n\t\t\t\t\t\t<div class=\"elementor-container elementor-column-gap-default\">\n\t\t\t\t\t<div class=\"elementor-column elementor-col-50 elementor-top-column elementor-element elementor-element-1e6ef7aa\" data-id=\"1e6ef7aa\" data-element_type=\"column\" data-e-type=\"column\">\n\t\t\t<div class=\"elementor-widget-wrap elementor-element-populated\">\n\t\t\t\t\t\t<div class=\"elementor-element elementor-element-678fc084 elementor-widget elementor-widget-image\" data-id=\"678fc084\" data-element_type=\"widget\" data-e-type=\"widget\" data-widget_type=\"image.default\">\n\t\t\t\t\t\t\t\t\t\t\t\t\t\t\t\t<a href=\"https:\/\/anpc.ro\/ce-este-sal\/\" target=\"_blank\">\n\t\t\t\t\t\t\t<img loading=\"lazy\" decoding=\"async\" width=\"250\" height=\"50\" src=\"https:\/\/vitrino.ro\/wp\/wp-content\/uploads\/2026\/03\/logo-anpc.jpg\" class=\"attachment-large size-large wp-image-17\" alt=\"\" \/>\t\t\t\t\t\t\t\t<\/a>\n\t\t\t\t\t\t\t\t\t\t\t\t\t\t\t<\/div>\n\t\t\t\t\t<\/div>\n\t\t<\/div>\n\t\t\t\t<div class=\"elementor-column elementor-col-50 elementor-top-column elementor-element elementor-element-6770e1d7\" data-id=\"6770e1d7\" data-element_type=\"column\" data-e-type=\"column\">\n\t\t\t<div class=\"elementor-widget-wrap elementor-element-populated\">\n\t\t\t\t\t\t<div class=\"elementor-element elementor-element-1a1a880d elementor-widget elementor-widget-image\" data-id=\"1a1a880d\" data-element_type=\"widget\" data-e-type=\"widget\" data-widget_type=\"image.default\">\n\t\t\t\t\t\t\t\t\t\t\t\t\t\t\t\t<a href=\"https:\/\/ec.europa.eu\/consumers\/odr\/main\/index.cfm?event=main.home2.show&#038;lng=RO%3E\" target=\"_blank\">\n\t\t\t\t\t\t\t<img loading=\"lazy\" decoding=\"async\" width=\"250\" height=\"50\" src=\"https:\/\/vitrino.ro\/wp\/wp-content\/uploads\/2026\/03\/logo-litigiu.jpg\" class=\"attachment-large size-large wp-image-18\" alt=\"\" \/>\t\t\t\t\t\t\t\t<\/a>\n\t\t\t\t\t\t\t\t\t\t\t\t\t\t\t<\/div>\n\t\t\t\t\t<\/div>\n\t\t<\/div>\n\t\t\t\t\t<\/div>\n\t\t<\/section>\n\t\t\t\t<\/div>\n\t\t","protected":false},"excerpt":{"rendered":"<p>Bara Pilates 35% REDUCERE Comand\u0103 aici ^Ap\u0103sa\u021bi aici pentru a afla pre\u021bul!^ Cau\u021bi o modalitate eficient\u0103 de a fi \u00een form\u0103 maxim\u0103 \u00een timp ce stai acas\u0103? Bara Pilates vine in ajutorul t\u0103u, facut\u0103 special pentru tine \u0219i silueta ta, oferindu-\u021bi nenum\u0103rate posibilit\u0103\u021bi de exerci\u021bii far\u0103 a-\u021bi p\u0103r\u0103si sufrageria. \u2705 Acum po\u021bi ob\u021bine un antrenament [&hellip;]<\/p>\n","protected":false},"author":1,"featured_media":0,"parent":0,"menu_order":0,"comment_status":"closed","ping_status":"closed","template":"","meta":{"footnotes":""},"class_list":["post-9","page","type-page","status-publish","hentry"],"_links":{"self":[{"href":"https:\/\/vitrino.ro\/index.php?rest_route=\/wp\/v2\/pages\/9","targetHints":{"allow":["GET"]}}],"collection":[{"href":"https:\/\/vitrino.ro\/index.php?rest_route=\/wp\/v2\/pages"}],"about":[{"href":"https:\/\/vitrino.ro\/index.php?rest_route=\/wp\/v2\/types\/page"}],"author":[{"embeddable":true,"href":"https:\/\/vitrino.ro\/index.php?rest_route=\/wp\/v2\/users\/1"}],"replies":[{"embeddable":true,"href":"https:\/\/vitrino.ro\/index.php?rest_route=%2Fwp%2Fv2%2Fcomments&post=9"}],"version-history":[{"count":6,"href":"https:\/\/vitrino.ro\/index.php?rest_route=\/wp\/v2\/pages\/9\/revisions"}],"predecessor-version":[{"id":49,"href":"https:\/\/vitrino.ro\/index.php?rest_route=\/wp\/v2\/pages\/9\/revisions\/49"}],"wp:attachment":[{"href":"https:\/\/vitrino.ro\/index.php?rest_route=%2Fwp%2Fv2%2Fmedia&parent=9"}],"curies":[{"name":"wp","href":"https:\/\/api.w.org\/{rel}","templated":true}]}}